{"id":8283,"date":"2022-08-27T05:31:05","date_gmt":"2022-08-27T05:31:05","guid":{"rendered":"http:\/\/www.indonesianmarket.fi\/shop-2\/"},"modified":"2022-11-29T00:13:18","modified_gmt":"2022-11-28T22:13:18","slug":"mita-ovat-evasteet","status":"publish","type":"page","link":"https:\/\/www.indonesianmarket.fi\/fi\/mita-ovat-evasteet\/","title":{"rendered":"Mit\u00e4 ovat ev\u00e4steet?"},"content":{"rendered":"\t\t<div data-elementor-type=\"wp-page\" data-elementor-id=\"8283\" class=\"elementor elementor-8283 elementor-8249\">\n\t\t\t\t\t\t<section class=\"elementor-section elementor-top-section elementor-element elementor-element-0fd41a6 elementor-section-boxed elementor-section-height-default elementor-section-height-default\" data-id=\"0fd41a6\" data-element_type=\"section\" data-e-type=\"section\">\n\t\t\t\t\t\t<div class=\"elementor-container elementor-column-gap-default\">\n\t\t\t\t\t<div class=\"elementor-column elementor-col-100 elementor-top-column elementor-element elementor-element-43af1d3\" data-id=\"43af1d3\" data-element_type=\"column\" data-e-type=\"column\">\n\t\t\t<div class=\"elementor-widget-wrap elementor-element-populated\">\n\t\t\t\t\t\t<div class=\"elementor-element elementor-element-06188c1 elementor-widget elementor-widget-text-editor\" data-id=\"06188c1\" data-element_type=\"widget\" data-e-type=\"widget\" data-widget_type=\"text-editor.default\">\n\t\t\t\t<div class=\"elementor-widget-container\">\n\t\t\t\t\t\t\t\t\t<h2 dir=\"ltr\" data-placeholder=\"Translation\"><strong>Mit\u00e4 ovat ev\u00e4steet?<\/strong><\/h2>\n<p id=\"tw-target-text\" class=\"tw-data-text tw-text-large tw-ta\" dir=\"ltr\" data-placeholder=\"Translation\"><span class=\"Y2IQFc\" lang=\"fi\">Ev\u00e4ste (ev\u00e4ste, verkkoev\u00e4ste, ev\u00e4stetiedosto) on er\u00e4\u00e4nlainen pieni tekstitiedosto, joka tallennetaan tietokoneellesi, kun olet sivustolla. Ev\u00e4steet muistavat, mit\u00e4 teet sivustolla, joten kun seuraavan kerran olet siell\u00e4, sinun ei tarvitse toistaa \u00e4rsytt\u00e4vi\u00e4 asioita, kuten sy\u00f6tt\u00e4\u00e4 salasanaa uudelleen tai valita kielt\u00e4. K\u00e4yt\u00e4mme ev\u00e4steit\u00e4 m\u00e4\u00e4ritt\u00e4\u00e4ksemme sivujemme suosituimmat osiot, mill\u00e4 sivuilla k\u00e4ytt\u00e4j\u00e4t vierailevat ja kuinka kauan. Ker\u00e4ttyj\u00e4 tietoja k\u00e4ytet\u00e4\u00e4n muun muassa palvelujen tuottamiseen, kehitt\u00e4miseen ja analysointiin sek\u00e4 markkinoinnin kohdentamiseen. Jos et halua, ett\u00e4 ev\u00e4steit\u00e4 koskevia tietoja tallennetaan tietokoneellesi, voit muuttaa selaimesi asetuksia ja painaa &#8221;OK&#8221;.<\/span><\/p>\n\t\t\t\t\t\t\t\t<\/div>\n\t\t\t\t<\/div>\n\t\t\t\t\t<\/div>\n\t\t<\/div>\n\t\t\t\t\t<\/div>\n\t\t<\/section>\n\t\t\t\t<\/div>\n\t\t","protected":false},"excerpt":{"rendered":"<p>Mit\u00e4 ovat ev\u00e4steet? Ev\u00e4ste (ev\u00e4ste, verkkoev\u00e4ste, ev\u00e4stetiedosto) on er\u00e4\u00e4nlainen pieni tekstitiedosto, joka tallennetaan tietokoneellesi, kun olet sivustolla. Ev\u00e4steet muistavat, mit\u00e4 teet sivustolla, joten kun seuraavan kerran olet siell\u00e4, sinun ei tarvitse toistaa \u00e4rsytt\u00e4vi\u00e4 asioita, kuten sy\u00f6tt\u00e4\u00e4 salasanaa uudelleen tai valita kielt\u00e4. K\u00e4yt\u00e4mme ev\u00e4steit\u00e4 m\u00e4\u00e4ritt\u00e4\u00e4ksemme sivujemme suosituimmat osiot, mill\u00e4 sivuilla k\u00e4ytt\u00e4j\u00e4t vierailevat ja kuinka kauan. Ker\u00e4ttyj\u00e4<\/p>\n<div class=\"klb-readmore entry-button\"><a class=\"button\" href=\"https:\/\/www.indonesianmarket.fi\/fi\/mita-ovat-evasteet\/\">Read More<\/a><\/div>\n","protected":false},"author":1,"featured_media":0,"parent":0,"menu_order":0,"comment_status":"closed","ping_status":"closed","template":"","meta":{"footnotes":""},"class_list":["post-8283","page","type-page","status-publish","hentry"],"_links":{"self":[{"href":"https:\/\/www.indonesianmarket.fi\/fi\/wp-json\/wp\/v2\/pages\/8283","targetHints":{"allow":["GET"]}}],"collection":[{"href":"https:\/\/www.indonesianmarket.fi\/fi\/wp-json\/wp\/v2\/pages"}],"about":[{"href":"https:\/\/www.indonesianmarket.fi\/fi\/wp-json\/wp\/v2\/types\/page"}],"author":[{"embeddable":true,"href":"https:\/\/www.indonesianmarket.fi\/fi\/wp-json\/wp\/v2\/users\/1"}],"replies":[{"embeddable":true,"href":"https:\/\/www.indonesianmarket.fi\/fi\/wp-json\/wp\/v2\/comments?post=8283"}],"version-history":[{"count":12,"href":"https:\/\/www.indonesianmarket.fi\/fi\/wp-json\/wp\/v2\/pages\/8283\/revisions"}],"predecessor-version":[{"id":24652,"href":"https:\/\/www.indonesianmarket.fi\/fi\/wp-json\/wp\/v2\/pages\/8283\/revisions\/24652"}],"wp:attachment":[{"href":"https:\/\/www.indonesianmarket.fi\/fi\/wp-json\/wp\/v2\/media?parent=8283"}],"curies":[{"name":"wp","href":"https:\/\/api.w.org\/{rel}","templated":true}]}}