{"id":8191,"date":"2022-08-26T09:21:32","date_gmt":"2022-08-26T06:21:32","guid":{"rendered":"http:\/\/www.indonesianmarket.fi\/yrityksesta\/"},"modified":"2025-08-20T09:13:40","modified_gmt":"2025-08-20T06:13:40","slug":"yrityksesta","status":"publish","type":"page","link":"https:\/\/www.indonesianmarket.fi\/fi\/yrityksesta\/","title":{"rendered":"Yrityksest\u00e4"},"content":{"rendered":"\t\t<div data-elementor-type=\"wp-page\" data-elementor-id=\"8191\" class=\"elementor elementor-8191 elementor-8177\">\n\t\t\t\t\t\t<section class=\"elementor-section elementor-top-section elementor-element elementor-element-cfa4192 elementor-section-boxed elementor-section-height-default elementor-section-height-default\" data-id=\"cfa4192\" data-element_type=\"section\" data-e-type=\"section\">\n\t\t\t\t\t\t<div class=\"elementor-container elementor-column-gap-default\">\n\t\t\t\t\t<div class=\"elementor-column elementor-col-50 elementor-top-column elementor-element elementor-element-46af5e6\" data-id=\"46af5e6\" data-element_type=\"column\" data-e-type=\"column\">\n\t\t\t<div class=\"elementor-widget-wrap elementor-element-populated\">\n\t\t\t\t\t\t<div class=\"elementor-element elementor-element-ed69c7d elementor-widget elementor-widget-heading\" data-id=\"ed69c7d\" data-element_type=\"widget\" data-e-type=\"widget\" data-widget_type=\"heading.default\">\n\t\t\t\t<div class=\"elementor-widget-container\">\n\t\t\t\t\t<h2 class=\"elementor-heading-title elementor-size-default\">Yrityksest\u00e4<\/h2>\t\t\t\t<\/div>\n\t\t\t\t<\/div>\n\t\t\t\t<div class=\"elementor-element elementor-element-020bf7f elementor-widget elementor-widget-text-editor\" data-id=\"020bf7f\" data-element_type=\"widget\" data-e-type=\"widget\" data-widget_type=\"text-editor.default\">\n\t\t\t\t<div class=\"elementor-widget-container\">\n\t\t\t\t\t\t\t\t\t<p data-start=\"91\" data-end=\"391\"><strong data-start=\"91\" data-end=\"114\">IndonesianMarket.fi<\/strong> on pioneeri ja ainoa indonesialaisiin erikoistuotteisiin keskittynyt ruokakauppa Suomessa, joka palvelee asiakkaita sek\u00e4 verkossa ett\u00e4 kivijalkana. Verkkokaupan on perustanut ja sit\u00e4 yll\u00e4pit\u00e4\u00e4 <strong data-start=\"1944\" data-end=\"1955\">JK Alho<\/strong> vuodesta 2009 l\u00e4htien.\u00a0 Olemme ylpeit\u00e4 voidessamme tuoda Indonesian aidon maun l\u00e4hemm\u00e4s sinua.<\/p><p data-start=\"393\" data-end=\"1057\">Tarjoamme laajan valikoiman <strong data-start=\"421\" data-end=\"470\">indonesialaistyylisi\u00e4 ruokia ja raaka-aineita<\/strong>, kuten <strong data-start=\"478\" data-end=\"828\">tempe\u00e4, erilaisia sambaleja, valmiita ja raakoja krupukkeja, s\u00e4ilyvi\u00e4 valmiita aterioita &amp; lauk-annoksia, nuudeleita, tulisia chilikastikkeita, ruoanlaittoon tarkoitettuja maustetahnoja, makeaa soijakastiketta (kecap manis), indonesialaista kahvia ja teet\u00e4, kookospohjaisia tuotteita, erilaisia riisilajikkeita, yrttijuomia (jamu), cobek maustemylly<\/strong>\u00a0ja paljon muuta. Kaikki tuotteemme tuodaan suoraan Indonesiasta, kun taas osa \u2013 kuten <strong data-start=\"915\" data-end=\"983\">tuore tempe, valitut sambalit, valmiit krupukit ja lauk-annokset<\/strong> \u2013 valmistetaan paikallisesti Suomessa tuoreuden ja laadun takaamiseksi.<\/p><p data-start=\"1059\" data-end=\"1235\">Ruokatuotteiden lis\u00e4ksi tarjoamme my\u00f6s <strong data-start=\"1098\" data-end=\"1144\">indonesialaisia ateria- ja v\u00e4lipalabokseja<\/strong> sek\u00e4 <strong data-start=\"1150\" data-end=\"1173\">catering-palveluita<\/strong> kotijuhliin, ty\u00f6paikoille, juhliin ja muihin tilaisuuksiin.<\/p><p data-start=\"1237\" data-end=\"1620\">Verkkokauppamme on avoinna <strong data-start=\"1264\" data-end=\"1272\">24\/7<\/strong>, joten voit tehd\u00e4 ostoksia milloin ja miss\u00e4 tahansa. Kun tilauksesi on k\u00e4sitelty (<strong data-start=\"1355\" data-end=\"1391\">1\u201324 tunnin kuluessa arkip\u00e4ivin\u00e4<\/strong>), tuotteet ovat valmiina toimitettavaksi tai noudettaviksi itsepalvelukioskistamme, joka on avoinna my\u00f6s <strong data-start=\"1468\" data-end=\"1476\">24\/7<\/strong>. Toimitukset Suomessa saapuvat yleens\u00e4 <strong data-start=\"1516\" data-end=\"1553\">24\u201348 tunnin kuluessa arkip\u00e4ivin\u00e4<\/strong>, ja muihin EU-maihin toimitus kest\u00e4\u00e4 yleens\u00e4 <strong data-start=\"1599\" data-end=\"1617\">2\u20138 arkip\u00e4iv\u00e4\u00e4<\/strong>.<\/p><p data-start=\"1237\" data-end=\"1620\"><span style=\"letter-spacing: 0px;\">Koe Indonesian aidot maut Suomessa kanssamme.<\/span><\/p><h3 data-start=\"1622\" data-end=\"1693\">Tervetuloa ostoksille!<\/h3>\t\t\t\t\t\t\t\t<\/div>\n\t\t\t\t<\/div>\n\t\t\t\t\t<\/div>\n\t\t<\/div>\n\t\t\t\t<div class=\"elementor-column elementor-col-50 elementor-top-column elementor-element elementor-element-cd26c12\" data-id=\"cd26c12\" data-element_type=\"column\" data-e-type=\"column\">\n\t\t\t<div class=\"elementor-widget-wrap elementor-element-populated\">\n\t\t\t\t\t\t<div class=\"elementor-element elementor-element-e9f2a5d elementor-widget__width-initial elementor-widget elementor-widget-image\" data-id=\"e9f2a5d\" data-element_type=\"widget\" data-e-type=\"widget\" data-widget_type=\"image.default\">\n\t\t\t\t<div class=\"elementor-widget-container\">\n\t\t\t\t\t\t\t\t\t\t\t\t\t\t\t<img fetchpriority=\"high\" decoding=\"async\" width=\"768\" height=\"960\" src=\"https:\/\/www.indonesianmarket.fi\/wp-content\/uploads\/2025\/08\/noutokioski_indonesianmarket_2025-768x960.jpg\" class=\"attachment-medium_large size-medium_large wp-image-31131\" alt=\"\" srcset=\"https:\/\/www.indonesianmarket.fi\/wp-content\/uploads\/2025\/08\/noutokioski_indonesianmarket_2025-768x960.jpg 768w, https:\/\/www.indonesianmarket.fi\/wp-content\/uploads\/2025\/08\/noutokioski_indonesianmarket_2025-240x300.jpg 240w, https:\/\/www.indonesianmarket.fi\/wp-content\/uploads\/2025\/08\/noutokioski_indonesianmarket_2025-819x1024.jpg 819w, https:\/\/www.indonesianmarket.fi\/wp-content\/uploads\/2025\/08\/noutokioski_indonesianmarket_2025-600x750.jpg 600w, https:\/\/www.indonesianmarket.fi\/wp-content\/uploads\/2025\/08\/noutokioski_indonesianmarket_2025-43x54.jpg 43w, https:\/\/www.indonesianmarket.fi\/wp-content\/uploads\/2025\/08\/noutokioski_indonesianmarket_2025-64x80.jpg 64w, https:\/\/www.indonesianmarket.fi\/wp-content\/uploads\/2025\/08\/noutokioski_indonesianmarket_2025.jpg 1080w\" sizes=\"(max-width: 768px) 100vw, 768px\" \/>\t\t\t\t\t\t\t\t\t\t\t\t\t\t\t<\/div>\n\t\t\t\t<\/div>\n\t\t\t\t<div class=\"elementor-element elementor-element-d6f4822 elementor-widget elementor-widget-text-editor\" data-id=\"d6f4822\" data-element_type=\"widget\" data-e-type=\"widget\" data-widget_type=\"text-editor.default\">\n\t\t\t\t<div class=\"elementor-widget-container\">\n\t\t\t\t\t\t\t\t\t<p style=\"text-align: center;\"><em style=\"text-align: center;\">indonesianmarket.fi\u00a0 noutokioski<br \/>Osoite: Luolakalliontie 12A 2, 21420 Lieto<br \/>Auki 24\/7.\u00a0<\/em><em style=\"letter-spacing: 0px; text-align: center;\">Tervetulos!<\/em><\/p>\t\t\t\t\t\t\t\t<\/div>\n\t\t\t\t<\/div>\n\t\t\t\t\t<\/div>\n\t\t<\/div>\n\t\t\t\t\t<\/div>\n\t\t<\/section>\n\t\t\t\t<\/div>\n\t\t","protected":false},"excerpt":{"rendered":"<p>Yrityksest\u00e4 IndonesianMarket.fi on pioneeri ja ainoa indonesialaisiin erikoistuotteisiin keskittynyt ruokakauppa Suomessa, joka palvelee asiakkaita sek\u00e4 verkossa ett\u00e4 kivijalkana. Verkkokaupan on perustanut ja sit\u00e4 yll\u00e4pit\u00e4\u00e4 JK Alho vuodesta 2009 l\u00e4htien.\u00a0 Olemme ylpeit\u00e4 voidessamme tuoda Indonesian aidon maun l\u00e4hemm\u00e4s sinua. Tarjoamme laajan valikoiman indonesialaistyylisi\u00e4 ruokia ja raaka-aineita, kuten tempe\u00e4, erilaisia sambaleja, valmiita ja raakoja krupukkeja, s\u00e4ilyvi\u00e4 valmiita<\/p>\n<div class=\"klb-readmore entry-button\"><a class=\"button\" href=\"https:\/\/www.indonesianmarket.fi\/fi\/yrityksesta\/\">Read More<\/a><\/div>\n","protected":false},"author":1,"featured_media":0,"parent":0,"menu_order":0,"comment_status":"closed","ping_status":"closed","template":"","meta":{"footnotes":""},"class_list":["post-8191","page","type-page","status-publish","hentry"],"_links":{"self":[{"href":"https:\/\/www.indonesianmarket.fi\/fi\/wp-json\/wp\/v2\/pages\/8191","targetHints":{"allow":["GET"]}}],"collection":[{"href":"https:\/\/www.indonesianmarket.fi\/fi\/wp-json\/wp\/v2\/pages"}],"about":[{"href":"https:\/\/www.indonesianmarket.fi\/fi\/wp-json\/wp\/v2\/types\/page"}],"author":[{"embeddable":true,"href":"https:\/\/www.indonesianmarket.fi\/fi\/wp-json\/wp\/v2\/users\/1"}],"replies":[{"embeddable":true,"href":"https:\/\/www.indonesianmarket.fi\/fi\/wp-json\/wp\/v2\/comments?post=8191"}],"version-history":[{"count":58,"href":"https:\/\/www.indonesianmarket.fi\/fi\/wp-json\/wp\/v2\/pages\/8191\/revisions"}],"predecessor-version":[{"id":31175,"href":"https:\/\/www.indonesianmarket.fi\/fi\/wp-json\/wp\/v2\/pages\/8191\/revisions\/31175"}],"wp:attachment":[{"href":"https:\/\/www.indonesianmarket.fi\/fi\/wp-json\/wp\/v2\/media?parent=8191"}],"curies":[{"name":"wp","href":"https:\/\/api.w.org\/{rel}","templated":true}]}}