{"id":8127,"date":"2022-08-25T12:36:58","date_gmt":"2022-08-25T09:36:58","guid":{"rendered":"http:\/\/www.indonesianmarket.fi\/kanta-asiakas\/"},"modified":"2026-02-09T08:53:48","modified_gmt":"2026-02-09T06:53:48","slug":"vip-asiakas","status":"publish","type":"page","link":"https:\/\/www.indonesianmarket.fi\/fi\/vip-asiakas\/","title":{"rendered":"VIP-asiakas"},"content":{"rendered":"\t\t<div data-elementor-type=\"wp-page\" data-elementor-id=\"8127\" class=\"elementor elementor-8127 elementor-8120\">\n\t\t\t\t\t\t<section class=\"elementor-section elementor-top-section elementor-element elementor-element-8650084 elementor-section-boxed elementor-section-height-default elementor-section-height-default\" data-id=\"8650084\" data-element_type=\"section\" data-e-type=\"section\">\n\t\t\t\t\t\t<div class=\"elementor-container elementor-column-gap-default\">\n\t\t\t\t\t<div class=\"elementor-column elementor-col-100 elementor-top-column elementor-element elementor-element-79ce3b5\" data-id=\"79ce3b5\" data-element_type=\"column\" data-e-type=\"column\">\n\t\t\t<div class=\"elementor-widget-wrap elementor-element-populated\">\n\t\t\t\t\t\t<div class=\"elementor-element elementor-element-921de7a elementor-widget elementor-widget-text-editor\" data-id=\"921de7a\" data-element_type=\"widget\" data-e-type=\"widget\" data-widget_type=\"text-editor.default\">\n\t\t\t\t<div class=\"elementor-widget-container\">\n\t\t\t\t\t\t\t\t\t<h1 class=\"page-header\"><strong>VIP-ASIAKASEDUT<\/strong><\/h1><p>\u00a0<\/p><p class=\"page-header\">Arvostamme uskollisuuttasi \u2013 siksi haluamme palkita sinut tarjoamalla <strong>yksinoikeudellisia VIP-etuja.<\/strong><\/p><p><strong>VIP-asiakkaan edut:<\/strong><\/p><ul><li><p>Liittyminen on maksutonta, ei j\u00e4senmaksuja<\/p><\/li><li><p>Saat <strong>5 % alennuksen normaalihintaisista tuotteista<\/strong><\/p><\/li><li><p>P\u00e4\u00e4sy <strong>erikoistarjouksiin ja m\u00e4\u00e4r\u00e4aikaisiin kampanjoihin<\/strong><\/p><\/li><\/ul><p><strong>N\u00e4in hy\u00f6dynn\u00e4t etusi:<\/strong><\/p><div class=\"page-header\"><ol><li><p><strong>Luo tili<\/strong> verkkokauppaamme, jos sinulla ei viel\u00e4 ole.<\/p><\/li><li><p><strong>Kirjaudu sis\u00e4\u00e4n<\/strong> tilillesi ennen ostosten tekemist\u00e4, <strong>5 %:n VIP-alennus<\/strong> lasketaan automaattisesti kassalla.<\/p><\/li><\/ol><p><a href=\"https:\/\/www.indonesianmarket.fi\/fi\/asiakastilini\/\" target=\"_blank\" rel=\"noopener\"><strong>Liity indonesianmarket.fi VIP-asiakaaksi &gt;&gt; <\/strong><\/a>ja nauti suuremmista s\u00e4\u00e4st\u00f6ist\u00e4 sek\u00e4 j\u00e4seneduista!<\/p><\/div>\t\t\t\t\t\t\t\t<\/div>\n\t\t\t\t<\/div>\n\t\t\t\t\t<\/div>\n\t\t<\/div>\n\t\t\t\t\t<\/div>\n\t\t<\/section>\n\t\t\t\t<\/div>\n\t\t","protected":false},"excerpt":{"rendered":"<p>VIP-ASIAKASEDUT \u00a0 Arvostamme uskollisuuttasi \u2013 siksi haluamme palkita sinut tarjoamalla yksinoikeudellisia VIP-etuja. VIP-asiakkaan edut: Liittyminen on maksutonta, ei j\u00e4senmaksuja Saat 5 % alennuksen normaalihintaisista tuotteista P\u00e4\u00e4sy erikoistarjouksiin ja m\u00e4\u00e4r\u00e4aikaisiin kampanjoihin N\u00e4in hy\u00f6dynn\u00e4t etusi: Luo tili verkkokauppaamme, jos sinulla ei viel\u00e4 ole. Kirjaudu sis\u00e4\u00e4n tilillesi ennen ostosten tekemist\u00e4, 5 %:n VIP-alennus lasketaan automaattisesti kassalla. Liity indonesianmarket.fi<\/p>\n<div class=\"klb-readmore entry-button\"><a class=\"button\" href=\"https:\/\/www.indonesianmarket.fi\/fi\/vip-asiakas\/\">Read More<\/a><\/div>\n","protected":false},"author":1,"featured_media":0,"parent":0,"menu_order":0,"comment_status":"closed","ping_status":"closed","template":"","meta":{"footnotes":""},"class_list":["post-8127","page","type-page","status-publish","hentry"],"_links":{"self":[{"href":"https:\/\/www.indonesianmarket.fi\/fi\/wp-json\/wp\/v2\/pages\/8127","targetHints":{"allow":["GET"]}}],"collection":[{"href":"https:\/\/www.indonesianmarket.fi\/fi\/wp-json\/wp\/v2\/pages"}],"about":[{"href":"https:\/\/www.indonesianmarket.fi\/fi\/wp-json\/wp\/v2\/types\/page"}],"author":[{"embeddable":true,"href":"https:\/\/www.indonesianmarket.fi\/fi\/wp-json\/wp\/v2\/users\/1"}],"replies":[{"embeddable":true,"href":"https:\/\/www.indonesianmarket.fi\/fi\/wp-json\/wp\/v2\/comments?post=8127"}],"version-history":[{"count":61,"href":"https:\/\/www.indonesianmarket.fi\/fi\/wp-json\/wp\/v2\/pages\/8127\/revisions"}],"predecessor-version":[{"id":33682,"href":"https:\/\/www.indonesianmarket.fi\/fi\/wp-json\/wp\/v2\/pages\/8127\/revisions\/33682"}],"wp:attachment":[{"href":"https:\/\/www.indonesianmarket.fi\/fi\/wp-json\/wp\/v2\/media?parent=8127"}],"curies":[{"name":"wp","href":"https:\/\/api.w.org\/{rel}","templated":true}]}}