{"id":7891,"date":"2021-05-20T04:48:11","date_gmt":"2021-05-20T01:48:11","guid":{"rendered":"http:\/\/www.indonesianmarket.fi\/yhteystiedot\/"},"modified":"2025-06-18T09:58:43","modified_gmt":"2025-06-18T06:58:43","slug":"yhteystiedot","status":"publish","type":"page","link":"https:\/\/www.indonesianmarket.fi\/fi\/yhteystiedot\/","title":{"rendered":"Yhteystiedot"},"content":{"rendered":"\t\t<div data-elementor-type=\"wp-page\" data-elementor-id=\"7891\" class=\"elementor elementor-7891 elementor-1685\">\n\t\t\t\t\t\t<section class=\"elementor-section elementor-top-section elementor-element elementor-element-a65fc9f elementor-section-boxed elementor-section-height-default elementor-section-height-default\" data-id=\"a65fc9f\" data-element_type=\"section\" data-e-type=\"section\">\n\t\t\t\t\t\t<div class=\"elementor-container elementor-column-gap-extended\">\n\t\t\t\t\t<div class=\"elementor-column elementor-col-100 elementor-top-column elementor-element elementor-element-e60227a\" data-id=\"e60227a\" data-element_type=\"column\" data-e-type=\"column\">\n\t\t\t<div class=\"elementor-widget-wrap elementor-element-populated\">\n\t\t\t\t\t\t<section class=\"elementor-section elementor-inner-section elementor-element elementor-element-f536dd6 elementor-section-boxed elementor-section-height-default elementor-section-height-default\" data-id=\"f536dd6\" data-element_type=\"section\" data-e-type=\"section\">\n\t\t\t\t\t\t<div class=\"elementor-container elementor-column-gap-no\">\n\t\t\t\t\t<div class=\"elementor-column elementor-col-100 elementor-inner-column elementor-element elementor-element-aa801f7\" data-id=\"aa801f7\" data-element_type=\"column\" data-e-type=\"column\">\n\t\t\t<div class=\"elementor-widget-wrap elementor-element-populated\">\n\t\t\t\t\t\t<div class=\"elementor-element elementor-element-4cfc479 elementor-widget elementor-widget-heading\" data-id=\"4cfc479\" data-element_type=\"widget\" data-e-type=\"widget\" data-widget_type=\"heading.default\">\n\t\t\t\t<div class=\"elementor-widget-container\">\n\t\t\t\t\t<h1 class=\"elementor-heading-title elementor-size-default\">Yheystiedot<\/h1>\t\t\t\t<\/div>\n\t\t\t\t<\/div>\n\t\t\t\t\t<\/div>\n\t\t<\/div>\n\t\t\t\t\t<\/div>\n\t\t<\/section>\n\t\t\t\t\t<\/div>\n\t\t<\/div>\n\t\t\t\t\t<\/div>\n\t\t<\/section>\n\t\t\t\t<section class=\"elementor-section elementor-top-section elementor-element elementor-element-f63fb55 elementor-section-boxed elementor-section-height-default elementor-section-height-default\" data-id=\"f63fb55\" data-element_type=\"section\" data-e-type=\"section\">\n\t\t\t\t\t\t<div class=\"elementor-container elementor-column-gap-default\">\n\t\t\t\t\t<div class=\"elementor-column elementor-col-100 elementor-top-column elementor-element elementor-element-6e6ebae\" data-id=\"6e6ebae\" data-element_type=\"column\" data-e-type=\"column\">\n\t\t\t<div class=\"elementor-widget-wrap elementor-element-populated\">\n\t\t\t\t\t\t<div class=\"elementor-element elementor-element-6710b9c elementor-widget elementor-widget-bacola-icon-box\" data-id=\"6710b9c\" data-element_type=\"widget\" data-e-type=\"widget\" data-widget_type=\"bacola-icon-box.default\">\n\t\t\t\t<div class=\"elementor-widget-container\">\n\t\t\t\t\t<div class=\"klb-icon-box contact-icon\"><i class=\"klbth-icon-store\"><\/i><h5 class=\"entry-title\">Noutokioski avoinna 24\/7<\/h5><p>Luolakalliontie 12A 2, 21420 Lieto<\/p><\/div>\t\t\t\t<\/div>\n\t\t\t\t<\/div>\n\t\t\t\t\t<\/div>\n\t\t<\/div>\n\t\t\t\t\t<\/div>\n\t\t<\/section>\n\t\t\t\t<section class=\"elementor-section elementor-top-section elementor-element elementor-element-99f12aa elementor-section-boxed elementor-section-height-default elementor-section-height-default\" data-id=\"99f12aa\" data-element_type=\"section\" data-e-type=\"section\">\n\t\t\t\t\t\t<div class=\"elementor-container elementor-column-gap-default\">\n\t\t\t\t\t<div class=\"elementor-column elementor-col-33 elementor-top-column elementor-element elementor-element-1451a66\" data-id=\"1451a66\" data-element_type=\"column\" data-e-type=\"column\">\n\t\t\t<div class=\"elementor-widget-wrap elementor-element-populated\">\n\t\t\t\t\t\t<div class=\"elementor-element elementor-element-ac5f1b2 elementor-widget elementor-widget-bacola-icon-box\" data-id=\"ac5f1b2\" data-element_type=\"widget\" data-e-type=\"widget\" data-widget_type=\"bacola-icon-box.default\">\n\t\t\t\t<div class=\"elementor-widget-container\">\n\t\t\t\t\t<div class=\"klb-icon-box contact-icon\"><i class=\"klbth-icon-location\"><\/i><h5 class=\"entry-title\">Luolakalliontie 12A 2, 21420 Lieto<\/h5><p>Avoinna sopimuksen mukaan.<\/p><\/div>\t\t\t\t<\/div>\n\t\t\t\t<\/div>\n\t\t\t\t\t<\/div>\n\t\t<\/div>\n\t\t\t\t<div class=\"elementor-column elementor-col-33 elementor-top-column elementor-element elementor-element-dae9ef7\" data-id=\"dae9ef7\" data-element_type=\"column\" data-e-type=\"column\">\n\t\t\t<div class=\"elementor-widget-wrap elementor-element-populated\">\n\t\t\t\t\t\t<div class=\"elementor-element elementor-element-56605b0 elementor-widget elementor-widget-bacola-icon-box\" data-id=\"56605b0\" data-element_type=\"widget\" data-e-type=\"widget\" data-widget_type=\"bacola-icon-box.default\">\n\t\t\t\t<div class=\"elementor-widget-container\">\n\t\t\t\t\t<div class=\"klb-icon-box contact-icon\"><i class=\"klbth-icon-mail\"><\/i><h5 class=\"entry-title\">sale(\u00e4t)indonesianmarket.fi<\/h5><p><\/p><\/div>\t\t\t\t<\/div>\n\t\t\t\t<\/div>\n\t\t\t\t<div class=\"elementor-element elementor-element-2e52c33 elementor-widget elementor-widget-bacola-icon-box\" data-id=\"2e52c33\" data-element_type=\"widget\" data-e-type=\"widget\" data-widget_type=\"bacola-icon-box.default\">\n\t\t\t\t<div class=\"elementor-widget-container\">\n\t\t\t\t\t<div class=\"klb-icon-box contact-icon\"><a href=\"https:\/\/www.facebook.com\/indonesianmarket\"  target=&quot;_blank&quot;><i class=\"\"><\/i><h5 class=\"entry-title\">Chatti<\/h5><p>https:\/\/www.facebook.com\/indonesianmarket<\/p><\/a><\/div>\t\t\t\t<\/div>\n\t\t\t\t<\/div>\n\t\t\t\t<div class=\"elementor-element elementor-element-0ff5f5d elementor-widget elementor-widget-bacola-icon-box\" data-id=\"0ff5f5d\" data-element_type=\"widget\" data-e-type=\"widget\" data-widget_type=\"bacola-icon-box.default\">\n\t\t\t\t<div class=\"elementor-widget-container\">\n\t\t\t\t\t<div class=\"klb-icon-box contact-icon\"><a href=\"https:\/\/www.instagram.com\/indonesianmarketfi\/\"  target=&quot;_blank&quot;><i class=\"\"><\/i><h5 class=\"entry-title\">Chatti<\/h5><p>https:\/\/www.instagram.com\/indonesianmarketfi<\/p><\/a><\/div>\t\t\t\t<\/div>\n\t\t\t\t<\/div>\n\t\t\t\t\t<\/div>\n\t\t<\/div>\n\t\t\t\t<div class=\"elementor-column elementor-col-33 elementor-top-column elementor-element elementor-element-6490f64\" data-id=\"6490f64\" data-element_type=\"column\" data-e-type=\"column\">\n\t\t\t<div class=\"elementor-widget-wrap elementor-element-populated\">\n\t\t\t\t\t\t<div class=\"elementor-element elementor-element-e5ec1a3 elementor-widget elementor-widget-bacola-icon-box\" data-id=\"e5ec1a3\" data-element_type=\"widget\" data-e-type=\"widget\" data-widget_type=\"bacola-icon-box.default\">\n\t\t\t\t<div class=\"elementor-widget-container\">\n\t\t\t\t\t<div class=\"klb-icon-box contact-icon\"><i class=\"klbth-icon-user-1\"><\/i><h5 class=\"entry-title\">Y-tunnus:<\/h5><p>2029472-0<\/p><\/div>\t\t\t\t<\/div>\n\t\t\t\t<\/div>\n\t\t\t\t\t<\/div>\n\t\t<\/div>\n\t\t\t\t\t<\/div>\n\t\t<\/section>\n\t\t\t\t<section class=\"elementor-section elementor-top-section elementor-element elementor-element-3cf0ce3 elementor-section-boxed elementor-section-height-default elementor-section-height-default\" data-id=\"3cf0ce3\" data-element_type=\"section\" data-e-type=\"section\">\n\t\t\t\t\t\t<div class=\"elementor-container elementor-column-gap-default\">\n\t\t\t\t\t<div class=\"elementor-column elementor-col-100 elementor-top-column elementor-element elementor-element-6f2add5\" data-id=\"6f2add5\" data-element_type=\"column\" data-e-type=\"column\">\n\t\t\t<div class=\"elementor-widget-wrap\">\n\t\t\t\t\t\t\t<\/div>\n\t\t<\/div>\n\t\t\t\t\t<\/div>\n\t\t<\/section>\n\t\t\t\t<section class=\"elementor-section elementor-top-section elementor-element elementor-element-bcbd32f elementor-section-boxed elementor-section-height-default elementor-section-height-default\" data-id=\"bcbd32f\" data-element_type=\"section\" data-e-type=\"section\">\n\t\t\t\t\t\t<div class=\"elementor-container elementor-column-gap-default\">\n\t\t\t\t\t<div class=\"elementor-column elementor-col-33 elementor-top-column elementor-element elementor-element-d57e357\" data-id=\"d57e357\" data-element_type=\"column\" data-e-type=\"column\">\n\t\t\t<div class=\"elementor-widget-wrap\">\n\t\t\t\t\t\t\t<\/div>\n\t\t<\/div>\n\t\t\t\t<div class=\"elementor-column elementor-col-33 elementor-top-column elementor-element elementor-element-1644669\" data-id=\"1644669\" data-element_type=\"column\" data-e-type=\"column\">\n\t\t\t<div class=\"elementor-widget-wrap elementor-element-populated\">\n\t\t\t\t\t\t<div class=\"elementor-element elementor-element-7713360 elementor-widget elementor-widget-heading\" data-id=\"7713360\" data-element_type=\"widget\" data-e-type=\"widget\" data-widget_type=\"heading.default\">\n\t\t\t\t<div class=\"elementor-widget-container\">\n\t\t\t\t\t<h1 class=\"elementor-heading-title elementor-size-default\">L\u00e4het\u00e4 meille s\u00e4hk\u00f6postia<\/h1>\t\t\t\t<\/div>\n\t\t\t\t<\/div>\n\t\t\t\t<div class=\"elementor-element elementor-element-5b76ce7 elementor-widget elementor-widget-text-editor\" data-id=\"5b76ce7\" data-element_type=\"widget\" data-e-type=\"widget\" data-widget_type=\"text-editor.default\">\n\t\t\t\t<div class=\"elementor-widget-container\">\n\t\t\t\t\t\t\t\t\t<p style=\"text-align: center;\">Jos sinulla on kysytt\u00e4v\u00e4\u00e4, tuotetoiveita, kommentteja tai jotain muuta liittyen indonesianmarket.fi:hen, j\u00e4t\u00e4 viestisi t\u00e4ll\u00e4 yhteydenottolomakkeella. Vastaamme viestiisi mahdollisimman pian!<\/p>\t\t\t\t\t\t\t\t<\/div>\n\t\t\t\t<\/div>\n\t\t\t\t<div class=\"elementor-element elementor-element-6f1432d elementor-widget elementor-widget-wpforms\" data-id=\"6f1432d\" data-element_type=\"widget\" data-e-type=\"widget\" data-widget_type=\"wpforms.default\">\n\t\t\t\t<div class=\"elementor-widget-container\">\n\t\t\t\t\t<div class=\"wpforms-container wpforms-container-full wpforms-render-modern\" id=\"wpforms-28122\"><form id=\"wpforms-form-28122\" class=\"wpforms-validate wpforms-form wpforms-ajax-form\" data-formid=\"28122\" method=\"post\" enctype=\"multipart\/form-data\" action=\"\/fi\/wp-json\/wp\/v2\/pages\/7891\" data-token=\"af58fc89b57b7ca55fad41b750581a43\" data-token-time=\"1777586463\"><noscript class=\"wpforms-error-noscript\">Please enable JavaScript in your browser to complete this form.<\/noscript><div id=\"wpforms-error-noscript\" style=\"display: none;\">Please enable JavaScript in your browser to complete this form.<\/div><div class=\"wpforms-field-container\"><div id=\"wpforms-28122-field_0-container\" class=\"wpforms-field wpforms-field-name\" data-field-id=\"0\"><fieldset><legend class=\"wpforms-field-label\">Nimi <span class=\"wpforms-required-label\" aria-hidden=\"true\">*<\/span><\/legend><div class=\"wpforms-field-row wpforms-field-medium\"><div class=\"wpforms-field-row-block wpforms-first wpforms-one-half\"><input type=\"text\" id=\"wpforms-28122-field_0\" class=\"wpforms-field-name-first wpforms-field-required\" name=\"wpforms[fields][0][first]\" aria-errormessage=\"wpforms-28122-field_0-error\" required><label for=\"wpforms-28122-field_0\" class=\"wpforms-field-sublabel after\">First<\/label><\/div><div class=\"wpforms-field-row-block wpforms-one-half\"><input type=\"text\" id=\"wpforms-28122-field_0-last\" class=\"wpforms-field-name-last wpforms-field-required\" name=\"wpforms[fields][0][last]\" aria-errormessage=\"wpforms-28122-field_0-last-error\" required><label for=\"wpforms-28122-field_0-last\" class=\"wpforms-field-sublabel after\">Last<\/label><\/div><\/div><\/fieldset><\/div><div id=\"wpforms-28122-field_1-container\" class=\"wpforms-field wpforms-field-email\" data-field-id=\"1\"><label class=\"wpforms-field-label\" for=\"wpforms-28122-field_1\">S\u00e4hk\u00f6posti <span class=\"wpforms-required-label\" aria-hidden=\"true\">*<\/span><\/label><input type=\"email\" id=\"wpforms-28122-field_1\" class=\"wpforms-field-medium wpforms-field-required\" name=\"wpforms[fields][1]\" spellcheck=\"false\" aria-errormessage=\"wpforms-28122-field_1-error\" required><\/div><div id=\"wpforms-28122-field_3-container\" class=\"wpforms-field wpforms-field-text\" data-field-id=\"3\"><label class=\"wpforms-field-label\" for=\"wpforms-28122-field_3\">Aihe <span class=\"wpforms-required-label\" aria-hidden=\"true\">*<\/span><\/label><input type=\"text\" id=\"wpforms-28122-field_3\" class=\"wpforms-field-medium wpforms-field-required\" name=\"wpforms[fields][3]\" aria-errormessage=\"wpforms-28122-field_3-error\" required><\/div><div id=\"wpforms-28122-field_2-container\" class=\"wpforms-field wpforms-field-textarea\" data-field-id=\"2\"><label class=\"wpforms-field-label\" for=\"wpforms-28122-field_2\">Viesti <span class=\"wpforms-required-label\" aria-hidden=\"true\">*<\/span><\/label><textarea id=\"wpforms-28122-field_2\" class=\"wpforms-field-medium wpforms-field-required\" name=\"wpforms[fields][2]\" aria-errormessage=\"wpforms-28122-field_2-error\" required><\/textarea><\/div><\/div><!-- .wpforms-field-container --><div class=\"wpforms-recaptcha-container wpforms-is-recaptcha wpforms-is-recaptcha-type-v2\" ><div class=\"g-recaptcha\" data-sitekey=\"6Leb5gcTAAAAAGncNvKoh43JCu-8NqxFCIQJYTSA\"><\/div><input type=\"text\" name=\"g-recaptcha-hidden\" class=\"wpforms-recaptcha-hidden\" style=\"position:absolute!important;clip:rect(0,0,0,0)!important;height:1px!important;width:1px!important;border:0!important;overflow:hidden!important;padding:0!important;margin:0!important;\" data-rule-recaptcha=\"1\"><\/div><div class=\"wpforms-submit-container\" ><input type=\"hidden\" name=\"wpforms[id]\" value=\"28122\"><input type=\"hidden\" name=\"page_title\" value=\"\"><input type=\"hidden\" name=\"page_url\" value=\"https:\/\/www.indonesianmarket.fi\/fi\/wp-json\/wp\/v2\/pages\/7891\"><input type=\"hidden\" name=\"url_referer\" value=\"\"><button type=\"submit\" name=\"wpforms[submit]\" id=\"wpforms-submit-28122\" class=\"wpforms-submit\" data-alt-text=\"L\u00e4het\u00e4m\u00e4ss\u00e4... \" data-submit-text=\"L\u00e4het\u00e4\" aria-live=\"assertive\" value=\"wpforms-submit\">L\u00e4het\u00e4<\/button><img decoding=\"async\" src=\"https:\/\/www.indonesianmarket.fi\/wp-content\/plugins\/wpforms-lite\/assets\/images\/submit-spin.svg\" class=\"wpforms-submit-spinner\" style=\"display: none;\" width=\"26\" height=\"26\" alt=\"Loading\"><\/div><\/form><\/div>  <!-- .wpforms-container -->\t\t\t\t<\/div>\n\t\t\t\t<\/div>\n\t\t\t\t\t<\/div>\n\t\t<\/div>\n\t\t\t\t<div class=\"elementor-column elementor-col-33 elementor-top-column elementor-element elementor-element-8372b8e\" data-id=\"8372b8e\" data-element_type=\"column\" data-e-type=\"column\">\n\t\t\t<div class=\"elementor-widget-wrap\">\n\t\t\t\t\t\t\t<\/div>\n\t\t<\/div>\n\t\t\t\t\t<\/div>\n\t\t<\/section>\n\t\t\t\t<\/div>\n\t\t","protected":false},"excerpt":{"rendered":"<p>Yheystiedot Noutokioski avoinna 24\/7 Luolakalliontie 12A 2, 21420 Lieto Luolakalliontie 12A 2, 21420 Lieto Avoinna sopimuksen mukaan. sale(\u00e4t)indonesianmarket.fi Chatti https:\/\/www.facebook.com\/indonesianmarket Chatti https:\/\/www.instagram.com\/indonesianmarketfi Y-tunnus: 2029472-0 L\u00e4het\u00e4 meille s\u00e4hk\u00f6postia Jos sinulla on kysytt\u00e4v\u00e4\u00e4, tuotetoiveita, kommentteja tai jotain muuta liittyen indonesianmarket.fi:hen, j\u00e4t\u00e4 viestisi t\u00e4ll\u00e4 yhteydenottolomakkeella. Vastaamme viestiisi mahdollisimman pian! Please enable JavaScript in your browser to complete this<\/p>\n<div class=\"klb-readmore entry-button\"><a class=\"button\" href=\"https:\/\/www.indonesianmarket.fi\/fi\/yhteystiedot\/\">Read More<\/a><\/div>\n","protected":false},"author":1,"featured_media":0,"parent":0,"menu_order":0,"comment_status":"closed","ping_status":"closed","template":"","meta":{"footnotes":""},"class_list":["post-7891","page","type-page","status-publish","hentry"],"_links":{"self":[{"href":"https:\/\/www.indonesianmarket.fi\/fi\/wp-json\/wp\/v2\/pages\/7891","targetHints":{"allow":["GET"]}}],"collection":[{"href":"https:\/\/www.indonesianmarket.fi\/fi\/wp-json\/wp\/v2\/pages"}],"about":[{"href":"https:\/\/www.indonesianmarket.fi\/fi\/wp-json\/wp\/v2\/types\/page"}],"author":[{"embeddable":true,"href":"https:\/\/www.indonesianmarket.fi\/fi\/wp-json\/wp\/v2\/users\/1"}],"replies":[{"embeddable":true,"href":"https:\/\/www.indonesianmarket.fi\/fi\/wp-json\/wp\/v2\/comments?post=7891"}],"version-history":[{"count":140,"href":"https:\/\/www.indonesianmarket.fi\/fi\/wp-json\/wp\/v2\/pages\/7891\/revisions"}],"predecessor-version":[{"id":30686,"href":"https:\/\/www.indonesianmarket.fi\/fi\/wp-json\/wp\/v2\/pages\/7891\/revisions\/30686"}],"wp:attachment":[{"href":"https:\/\/www.indonesianmarket.fi\/fi\/wp-json\/wp\/v2\/media?parent=7891"}],"curies":[{"name":"wp","href":"https:\/\/api.w.org\/{rel}","templated":true}]}}