{"id":24045,"date":"2021-04-23T13:36:26","date_gmt":"2021-04-23T10:36:26","guid":{"rendered":"https:\/\/www.indonesianmarket.fi\/tietosuojakaytanto\/"},"modified":"2026-02-09T01:10:23","modified_gmt":"2026-02-08T23:10:23","slug":"tietosuojakaytanto","status":"publish","type":"page","link":"https:\/\/www.indonesianmarket.fi\/fi\/tietosuojakaytanto\/","title":{"rendered":"Tietosuojak\u00e4yt\u00e4nt\u00f6"},"content":{"rendered":"\t\t<div data-elementor-type=\"wp-page\" data-elementor-id=\"24045\" class=\"elementor elementor-24045 elementor-1962\">\n\t\t\t\t\t\t<section class=\"elementor-section elementor-top-section elementor-element elementor-element-187ce4f elementor-section-boxed elementor-section-height-default elementor-section-height-default\" data-id=\"187ce4f\" data-element_type=\"section\" data-e-type=\"section\">\n\t\t\t\t\t\t<div class=\"elementor-container elementor-column-gap-default\">\n\t\t\t\t\t<div class=\"elementor-column elementor-col-100 elementor-top-column elementor-element elementor-element-762010a\" data-id=\"762010a\" data-element_type=\"column\" data-e-type=\"column\">\n\t\t\t<div class=\"elementor-widget-wrap elementor-element-populated\">\n\t\t\t\t\t\t<div class=\"elementor-element elementor-element-7cae2d6 elementor-widget elementor-widget-text-editor\" data-id=\"7cae2d6\" data-element_type=\"widget\" data-e-type=\"widget\" data-widget_type=\"text-editor.default\">\n\t\t\t\t<div class=\"elementor-widget-container\">\n\t\t\t\t\t\t\t\t\t<h1><strong>Tietosuojak\u00e4yt\u00e4nt\u00f6<\/strong><\/h1><p>\u00a0<\/p><ol><li><strong> Rekisterinpit\u00e4j\u00e4<\/strong><\/li><\/ol><p style=\"padding-left: 40px;\">Yritys\u00a0\u00a0\u00a0\u00a0\u00a0\u00a0\u00a0\u00a0\u00a0\u00a0\u00a0\u00a0\u00a0\u00a0\u00a0\u00a0\u00a0 : JK Alho<br \/>Y-tunnus\u00a0\u00a0\u00a0\u00a0\u00a0\u00a0\u00a0\u00a0\u00a0\u00a0\u00a0 : 2029472-0<\/p><ol start=\"2\"><li><strong> Yhteyshenkil\u00f6 tietosuoja-asioissa<\/strong><\/li><\/ol><p style=\"padding-left: 40px;\">Nimi\u00a0\u00a0\u00a0\u00a0\u00a0\u00a0\u00a0\u00a0\u00a0\u00a0\u00a0\u00a0\u00a0\u00a0\u00a0\u00a0\u00a0\u00a0 : Juwati Alho<br \/>S\u00e4hk\u00f6posti\u00a0\u00a0\u00a0\u00a0\u00a0\u00a0\u00a0 : sale (\u00e4t) indonesianmarket.fi<\/p><ol start=\"3\"><li><strong> Henkil\u00f6tietojen k\u00e4sittelyn tarkoitus<\/strong><\/li><\/ol><p style=\"padding-left: 40px;\">Ker\u00e4\u00e4mme ja k\u00e4sittelemme henkil\u00f6tietoja seuraaviin tarkoituksiin:<\/p><ul><li style=\"list-style-type: none;\"><ul><li><p>Asiakassuhteiden hoitaminen ja yll\u00e4pito<\/p><\/li><li><p>Yhteydenottoihin ja pyynt\u00f6ihin vastaaminen<\/p><\/li><li><p>Markkinointitoimien toteuttaminen, mukaan lukien uutiskirjeiden tai markkinointimateriaalin l\u00e4hett\u00e4minen niille asiakkaille, jotka ovat antaneet siihen suostumuksensa (opt-in)<\/p><\/li><li><p>Verkkopalveluidemme tarjoaminen ja kehitt\u00e4minen<\/p><\/li><\/ul><\/li><\/ul><ol start=\"4\"><li><strong> K\u00e4sittelyn oikeusperuste<\/strong><\/li><\/ol><p style=\"padding-left: 40px;\">K\u00e4sittelemme asiakkaan tietoja asiakkaan antaman suostumuksen perusteella EU:n yleisen tietosuoja-asetuksen (GDPR) mukaisesti.<\/p><ol start=\"5\"><li><strong> Rekisterin tietosis\u00e4lt\u00f6<\/strong><\/li><\/ol><p style=\"padding-left: 40px;\">Rekisteriin tallennettavat henkil\u00f6tiedot voivat sis\u00e4lt\u00e4\u00e4:<\/p><ul><li style=\"list-style-type: none;\"><ul><li><p>Nimi<\/p><\/li><li><p>Osoite<\/p><\/li><li><p>S\u00e4hk\u00f6postiosoite<\/p><\/li><li><p>Puhelinnumero<\/p><\/li><li><p>Tilauksen sis\u00e4lt\u00f6<\/p><\/li><\/ul><\/li><\/ul><ol start=\"6\"><li><strong> Tietojen s\u00e4ilytysaika<\/strong><\/li><\/ol><p style=\"padding-left: 40px;\">Henkil\u00f6tietoja s\u00e4ilytet\u00e4\u00e4n vain niin kauan kuin se on tarpeen asiakkaan kanssa tehtyjen sopimusvelvoitteiden t\u00e4ytt\u00e4miseksi tai asiakaspalvelun kehitt\u00e4miseksi.<\/p><ol start=\"7\"><li><strong> Tietol\u00e4hteet<\/strong><\/li><\/ol><p style=\"padding-left: 40px;\">Henkil\u00f6tietoja ker\u00e4t\u00e4\u00e4n: Suoraan asiakkaalta, kun h\u00e4n k\u00e4ytt\u00e4\u00e4 verkkosivustoamme www.indonesianmarket.fi<\/p><ol start=\"8\"><li><strong> Tietojen luovutus ja siirto EU:n\/ETA:n ulkopuolelle<\/strong><\/li><\/ol><p style=\"padding-left: 40px;\">Henkil\u00f6tietoja ei s\u00e4\u00e4nn\u00f6nmukaisesti luovuteta kolmansille osapuolille. Tietoja voidaan luovuttaa vain asiakkaan suostumuksella.<\/p><p style=\"padding-left: 40px;\">K\u00e4yt\u00e4mme <strong>MailChimp<\/strong>-s\u00e4hk\u00f6postipalvelua suoramarkkinointiin ja viestint\u00e4\u00e4n. K\u00e4ytt\u00e4jist\u00e4 voidaan siirt\u00e4\u00e4 etunimi, sukunimi ja s\u00e4hk\u00f6postiosoite MailChimpin palvelimille Yhdysvaltoihin. MailChimp kuuluu <strong>EU\u2013US Privacy Shield<\/strong> -j\u00e4rjestelyyn, ja henkil\u00f6tiedot suojataan soveltuvan tietosuojalains\u00e4\u00e4d\u00e4nn\u00f6n mukaisesti.<\/p><ol start=\"9\"><li><strong> Ev\u00e4steiden k\u00e4ytt\u00f6<\/strong><\/li><\/ol><p style=\"padding-left: 40px;\">Sivustomme k\u00e4ytt\u00e4\u00e4 ev\u00e4steit\u00e4 k\u00e4ytt\u00e4j\u00e4kokemuksen parantamiseksi. Ev\u00e4steet ovat pieni\u00e4 tekstitiedostoja, jotka tallennetaan k\u00e4ytt\u00e4j\u00e4n laitteelle ja jotka:<\/p><ul><li style=\"list-style-type: none;\"><ul><li><p>Tunnistavat palaavat k\u00e4vij\u00e4t<\/p><\/li><li><p>Helpottavat kirjautumista sivustolle<\/p><\/li><li><p>Aut\u00adtavat ker\u00e4\u00e4m\u00e4\u00e4n k\u00e4vij\u00e4tilastoja<\/p><\/li><\/ul><\/li><\/ul><p style=\"padding-left: 40px;\">Ev\u00e4steiden avulla voimme tarjota yksil\u00f6llist\u00e4 sis\u00e4lt\u00f6\u00e4 ja palveluita. Ev\u00e4steet eiv\u00e4t vahingoita laitteita tai tiedostoja.<\/p><p style=\"padding-left: 40px;\">K\u00e4ytt\u00e4j\u00e4 voi est\u00e4\u00e4 ev\u00e4steiden k\u00e4yt\u00f6n selaimen asetuksista, mutta t\u00e4ll\u00f6in osa sivuston toiminnoista ja palveluista ei v\u00e4ltt\u00e4m\u00e4tt\u00e4 toimi oikein.<\/p><ol start=\"10\"><li><strong> Rekisterin suojaus<\/strong><\/li><\/ol><ul><li><p>Kaikki tiedonsiirto tapahtuu SSL-suojattua yhteytt\u00e4 k\u00e4ytt\u00e4en.<\/p><\/li><li><p>S\u00e4hk\u00f6iset tiedot on suojattu palomuurilla, k\u00e4ytt\u00e4j\u00e4tunnuksilla ja salasanoilla.<\/p><\/li><li><p>P\u00e4\u00e4sy henkil\u00f6tietoihin on vain niill\u00e4 henkil\u00f6ill\u00e4, joilla on siihen ty\u00f6teht\u00e4viens\u00e4 vuoksi oikeus.<\/p><\/li><\/ul><ol start=\"11\"><li><strong> Rekister\u00f6idyn oikeudet<\/strong><\/li><\/ol><p style=\"padding-left: 40px;\">Rekister\u00f6idyll\u00e4 on oikeus:<\/p><ul><li style=\"list-style-type: none;\"><ul><li><p>Saada p\u00e4\u00e4sy itse\u00e4\u00e4n koskeviin tietoihin<\/p><\/li><li><p>Pyyt\u00e4\u00e4 tietojen oikaisua tai poistamista<\/p><\/li><li><p>Pyyt\u00e4\u00e4 tietojen siirtoa j\u00e4rjestelm\u00e4st\u00e4 toiseen<\/p><\/li><li><p>Rajoittaa tai vastustaa tietojen k\u00e4sittely\u00e4<\/p><\/li><li><p>Peruuttaa aiemmin antamansa suostumus milloin tahansa<\/p><\/li><li><p>Tehd\u00e4 valitus valvontaviranomaiselle henkil\u00f6tietojen k\u00e4sittelyst\u00e4<\/p><\/li><li><p>Kielt\u00e4\u00e4 tietojen k\u00e4ytt\u00f6 suoramarkkinointiin<\/p><\/li><\/ul><\/li><\/ul><p style=\"padding-left: 40px;\">Pyynn\u00f6t tulee toimittaa kirjallisesti ja allekirjoitettuna kohdassa 2 mainitulle yhteyshenkil\u00f6lle.<\/p>\t\t\t\t\t\t\t\t<\/div>\n\t\t\t\t<\/div>\n\t\t\t\t\t<\/div>\n\t\t<\/div>\n\t\t\t\t\t<\/div>\n\t\t<\/section>\n\t\t\t\t<\/div>\n\t\t","protected":false},"excerpt":{"rendered":"<p>Tietosuojak\u00e4yt\u00e4nt\u00f6 \u00a0 Rekisterinpit\u00e4j\u00e4 Yritys\u00a0\u00a0\u00a0\u00a0\u00a0\u00a0\u00a0\u00a0\u00a0\u00a0\u00a0\u00a0\u00a0\u00a0\u00a0\u00a0\u00a0 : JK AlhoY-tunnus\u00a0\u00a0\u00a0\u00a0\u00a0\u00a0\u00a0\u00a0\u00a0\u00a0\u00a0 : 2029472-0 Yhteyshenkil\u00f6 tietosuoja-asioissa Nimi\u00a0\u00a0\u00a0\u00a0\u00a0\u00a0\u00a0\u00a0\u00a0\u00a0\u00a0\u00a0\u00a0\u00a0\u00a0\u00a0\u00a0\u00a0 : Juwati AlhoS\u00e4hk\u00f6posti\u00a0\u00a0\u00a0\u00a0\u00a0\u00a0\u00a0 : sale (\u00e4t) indonesianmarket.fi Henkil\u00f6tietojen k\u00e4sittelyn tarkoitus Ker\u00e4\u00e4mme ja k\u00e4sittelemme henkil\u00f6tietoja seuraaviin tarkoituksiin: Asiakassuhteiden hoitaminen ja yll\u00e4pito Yhteydenottoihin ja pyynt\u00f6ihin vastaaminen Markkinointitoimien toteuttaminen, mukaan lukien uutiskirjeiden tai markkinointimateriaalin l\u00e4hett\u00e4minen niille asiakkaille, jotka ovat antaneet siihen suostumuksensa (opt-in) Verkkopalveluidemme tarjoaminen ja<\/p>\n<div class=\"klb-readmore entry-button\"><a class=\"button\" href=\"https:\/\/www.indonesianmarket.fi\/fi\/tietosuojakaytanto\/\">Read More<\/a><\/div>\n","protected":false},"author":1,"featured_media":0,"parent":0,"menu_order":0,"comment_status":"closed","ping_status":"open","template":"","meta":{"footnotes":""},"class_list":["post-24045","page","type-page","status-publish","hentry"],"_links":{"self":[{"href":"https:\/\/www.indonesianmarket.fi\/fi\/wp-json\/wp\/v2\/pages\/24045","targetHints":{"allow":["GET"]}}],"collection":[{"href":"https:\/\/www.indonesianmarket.fi\/fi\/wp-json\/wp\/v2\/pages"}],"about":[{"href":"https:\/\/www.indonesianmarket.fi\/fi\/wp-json\/wp\/v2\/types\/page"}],"author":[{"embeddable":true,"href":"https:\/\/www.indonesianmarket.fi\/fi\/wp-json\/wp\/v2\/users\/1"}],"replies":[{"embeddable":true,"href":"https:\/\/www.indonesianmarket.fi\/fi\/wp-json\/wp\/v2\/comments?post=24045"}],"version-history":[{"count":28,"href":"https:\/\/www.indonesianmarket.fi\/fi\/wp-json\/wp\/v2\/pages\/24045\/revisions"}],"predecessor-version":[{"id":33601,"href":"https:\/\/www.indonesianmarket.fi\/fi\/wp-json\/wp\/v2\/pages\/24045\/revisions\/33601"}],"wp:attachment":[{"href":"https:\/\/www.indonesianmarket.fi\/fi\/wp-json\/wp\/v2\/media?parent=24045"}],"curies":[{"name":"wp","href":"https:\/\/api.w.org\/{rel}","templated":true}]}}